{"id":417,"date":"2020-06-19T09:47:00","date_gmt":"2020-06-19T07:47:00","guid":{"rendered":"https:\/\/grottino.ch\/schnueggel\/"},"modified":"2026-04-08T13:40:33","modified_gmt":"2026-04-08T11:40:33","slug":"steakhouse","status":"publish","type":"page","link":"https:\/\/grottino.ch\/en\/steakhouse\/","title":{"rendered":"Steakhouse EN"},"content":{"rendered":"<div id=\"cs-content\" class=\"cs-content\"><\/div>\n","protected":false},"excerpt":{"rendered":"<p>SpeisekarteLassen Sie sich bereits zu Hause inspirieren.WeinkarteDer grosse Weinkeller l\u00e4sst keine W\u00fcnsche offen. GrappakarteNach dem leckeren Essen einen feinen Grappa geniessen.ZigarrenkarteUnsere grosse Auswahl an Zigarren bieten den perfekten Abschluss eines gem\u00fctlichen Abends.Reservation Wir freuen uns auf Ihren Besuch. F\u00fcr Reservationen gen\u00fcgt ein Klick auf den ButtonJetzt reservieren\u00d6ffnungszeiten Ab 3. Juli Montag bis Donnerstag: 14 bis 23 Uhr Freitag bis Sonntag: &#8230;<\/p>\n","protected":false},"author":1,"featured_media":0,"parent":0,"menu_order":0,"comment_status":"closed","ping_status":"closed","template":"template-blank-4.php","meta":{"footnotes":""},"class_list":["post-417","page","type-page","status-publish","hentry","no-post-thumbnail"],"yoast_head":"<!-- This site is optimized with the Yoast SEO plugin v27.3 - https:\/\/yoast.com\/product\/yoast-seo-wordpress\/ -->\n<title>Steakhouse EN - Grottino<\/title>\n<meta name=\"robots\" content=\"index, follow, max-snippet:-1, max-image-preview:large, max-video-preview:-1\" \/>\n<link rel=\"canonical\" href=\"https:\/\/grottino.ch\/en\/steakhouse\/\" \/>\n<meta property=\"og:locale\" content=\"en_US\" \/>\n<meta property=\"og:type\" content=\"article\" \/>\n<meta property=\"og:title\" content=\"Steakhouse EN - Grottino\" \/>\n<meta property=\"og:description\" content=\"SpeisekarteLassen Sie sich bereits zu Hause inspirieren.WeinkarteDer grosse Weinkeller l\u00e4sst keine W\u00fcnsche offen. GrappakarteNach dem leckeren Essen einen feinen Grappa geniessen.ZigarrenkarteUnsere grosse Auswahl an Zigarren bieten den perfekten Abschluss eines gem\u00fctlichen Abends.Reservation Wir freuen uns auf Ihren Besuch. F\u00fcr Reservationen gen\u00fcgt ein Klick auf den ButtonJetzt reservieren\u00d6ffnungszeiten Ab 3. Juli Montag bis Donnerstag: 14 bis 23 Uhr Freitag bis Sonntag: ...\" \/>\n<meta property=\"og:url\" content=\"https:\/\/grottino.ch\/en\/steakhouse\/\" \/>\n<meta property=\"og:site_name\" content=\"Grottino\" \/>\n<meta property=\"article:modified_time\" content=\"2026-04-08T11:40:33+00:00\" \/>\n<meta name=\"twitter:card\" content=\"summary_large_image\" \/>\n<meta name=\"twitter:label1\" content=\"Est. reading time\" \/>\n\t<meta name=\"twitter:data1\" content=\"5 minutes\" \/>\n<script type=\"application\/ld+json\" class=\"yoast-schema-graph\">{\"@context\":\"https:\\\/\\\/schema.org\",\"@graph\":[{\"@type\":\"WebPage\",\"@id\":\"https:\\\/\\\/grottino.ch\\\/en\\\/steakhouse\\\/\",\"url\":\"https:\\\/\\\/grottino.ch\\\/en\\\/steakhouse\\\/\",\"name\":\"Steakhouse EN - Grottino\",\"isPartOf\":{\"@id\":\"https:\\\/\\\/grottino.ch\\\/#website\"},\"datePublished\":\"2020-06-19T07:47:00+00:00\",\"dateModified\":\"2026-04-08T11:40:33+00:00\",\"breadcrumb\":{\"@id\":\"https:\\\/\\\/grottino.ch\\\/en\\\/steakhouse\\\/#breadcrumb\"},\"inLanguage\":\"en-US\",\"potentialAction\":[{\"@type\":\"ReadAction\",\"target\":[\"https:\\\/\\\/grottino.ch\\\/en\\\/steakhouse\\\/\"]}]},{\"@type\":\"BreadcrumbList\",\"@id\":\"https:\\\/\\\/grottino.ch\\\/en\\\/steakhouse\\\/#breadcrumb\",\"itemListElement\":[{\"@type\":\"ListItem\",\"position\":1,\"name\":\"Startseite\",\"item\":\"https:\\\/\\\/grottino.ch\\\/en\\\/startseite\\\/\"},{\"@type\":\"ListItem\",\"position\":2,\"name\":\"Steakhouse EN\"}]},{\"@type\":\"WebSite\",\"@id\":\"https:\\\/\\\/grottino.ch\\\/#website\",\"url\":\"https:\\\/\\\/grottino.ch\\\/\",\"name\":\"Grottino\",\"description\":\"Pizzeria\",\"publisher\":{\"@id\":\"https:\\\/\\\/grottino.ch\\\/#organization\"},\"potentialAction\":[{\"@type\":\"SearchAction\",\"target\":{\"@type\":\"EntryPoint\",\"urlTemplate\":\"https:\\\/\\\/grottino.ch\\\/?s={search_term_string}\"},\"query-input\":{\"@type\":\"PropertyValueSpecification\",\"valueRequired\":true,\"valueName\":\"search_term_string\"}}],\"inLanguage\":\"en-US\"},{\"@type\":\"Organization\",\"@id\":\"https:\\\/\\\/grottino.ch\\\/#organization\",\"name\":\"Grottino\",\"url\":\"https:\\\/\\\/grottino.ch\\\/\",\"logo\":{\"@type\":\"ImageObject\",\"inLanguage\":\"en-US\",\"@id\":\"https:\\\/\\\/grottino.ch\\\/#\\\/schema\\\/logo\\\/image\\\/\",\"url\":\"https:\\\/\\\/grottino.ch\\\/wp-content\\\/uploads\\\/2020\\\/05\\\/Signet_Grottino_Pizzeria.jpg\",\"contentUrl\":\"https:\\\/\\\/grottino.ch\\\/wp-content\\\/uploads\\\/2020\\\/05\\\/Signet_Grottino_Pizzeria.jpg\",\"width\":1500,\"height\":826,\"caption\":\"Grottino\"},\"image\":{\"@id\":\"https:\\\/\\\/grottino.ch\\\/#\\\/schema\\\/logo\\\/image\\\/\"}}]}<\/script>\n<!-- \/ Yoast SEO plugin. -->","yoast_head_json":{"title":"Steakhouse EN - Grottino","robots":{"index":"index","follow":"follow","max-snippet":"max-snippet:-1","max-image-preview":"max-image-preview:large","max-video-preview":"max-video-preview:-1"},"canonical":"https:\/\/grottino.ch\/en\/steakhouse\/","og_locale":"en_US","og_type":"article","og_title":"Steakhouse EN - Grottino","og_description":"SpeisekarteLassen Sie sich bereits zu Hause inspirieren.WeinkarteDer grosse Weinkeller l\u00e4sst keine W\u00fcnsche offen. GrappakarteNach dem leckeren Essen einen feinen Grappa geniessen.ZigarrenkarteUnsere grosse Auswahl an Zigarren bieten den perfekten Abschluss eines gem\u00fctlichen Abends.Reservation Wir freuen uns auf Ihren Besuch. F\u00fcr Reservationen gen\u00fcgt ein Klick auf den ButtonJetzt reservieren\u00d6ffnungszeiten Ab 3. Juli Montag bis Donnerstag: 14 bis 23 Uhr Freitag bis Sonntag: ...","og_url":"https:\/\/grottino.ch\/en\/steakhouse\/","og_site_name":"Grottino","article_modified_time":"2026-04-08T11:40:33+00:00","twitter_card":"summary_large_image","twitter_misc":{"Est. reading time":"5 minutes"},"schema":{"@context":"https:\/\/schema.org","@graph":[{"@type":"WebPage","@id":"https:\/\/grottino.ch\/en\/steakhouse\/","url":"https:\/\/grottino.ch\/en\/steakhouse\/","name":"Steakhouse EN - Grottino","isPartOf":{"@id":"https:\/\/grottino.ch\/#website"},"datePublished":"2020-06-19T07:47:00+00:00","dateModified":"2026-04-08T11:40:33+00:00","breadcrumb":{"@id":"https:\/\/grottino.ch\/en\/steakhouse\/#breadcrumb"},"inLanguage":"en-US","potentialAction":[{"@type":"ReadAction","target":["https:\/\/grottino.ch\/en\/steakhouse\/"]}]},{"@type":"BreadcrumbList","@id":"https:\/\/grottino.ch\/en\/steakhouse\/#breadcrumb","itemListElement":[{"@type":"ListItem","position":1,"name":"Startseite","item":"https:\/\/grottino.ch\/en\/startseite\/"},{"@type":"ListItem","position":2,"name":"Steakhouse EN"}]},{"@type":"WebSite","@id":"https:\/\/grottino.ch\/#website","url":"https:\/\/grottino.ch\/","name":"Grottino","description":"Pizzeria","publisher":{"@id":"https:\/\/grottino.ch\/#organization"},"potentialAction":[{"@type":"SearchAction","target":{"@type":"EntryPoint","urlTemplate":"https:\/\/grottino.ch\/?s={search_term_string}"},"query-input":{"@type":"PropertyValueSpecification","valueRequired":true,"valueName":"search_term_string"}}],"inLanguage":"en-US"},{"@type":"Organization","@id":"https:\/\/grottino.ch\/#organization","name":"Grottino","url":"https:\/\/grottino.ch\/","logo":{"@type":"ImageObject","inLanguage":"en-US","@id":"https:\/\/grottino.ch\/#\/schema\/logo\/image\/","url":"https:\/\/grottino.ch\/wp-content\/uploads\/2020\/05\/Signet_Grottino_Pizzeria.jpg","contentUrl":"https:\/\/grottino.ch\/wp-content\/uploads\/2020\/05\/Signet_Grottino_Pizzeria.jpg","width":1500,"height":826,"caption":"Grottino"},"image":{"@id":"https:\/\/grottino.ch\/#\/schema\/logo\/image\/"}}]}},"_links":{"self":[{"href":"https:\/\/grottino.ch\/en\/wp-json\/wp\/v2\/pages\/417","targetHints":{"allow":["GET"]}}],"collection":[{"href":"https:\/\/grottino.ch\/en\/wp-json\/wp\/v2\/pages"}],"about":[{"href":"https:\/\/grottino.ch\/en\/wp-json\/wp\/v2\/types\/page"}],"author":[{"embeddable":true,"href":"https:\/\/grottino.ch\/en\/wp-json\/wp\/v2\/users\/1"}],"replies":[{"embeddable":true,"href":"https:\/\/grottino.ch\/en\/wp-json\/wp\/v2\/comments?post=417"}],"version-history":[{"count":50,"href":"https:\/\/grottino.ch\/en\/wp-json\/wp\/v2\/pages\/417\/revisions"}],"predecessor-version":[{"id":1828,"href":"https:\/\/grottino.ch\/en\/wp-json\/wp\/v2\/pages\/417\/revisions\/1828"}],"wp:attachment":[{"href":"https:\/\/grottino.ch\/en\/wp-json\/wp\/v2\/media?parent=417"}],"curies":[{"name":"wp","href":"https:\/\/api.w.org\/{rel}","templated":true}]}}